{"id":97,"date":"2025-09-21T15:34:20","date_gmt":"2025-09-21T13:34:20","guid":{"rendered":"https:\/\/forlagetfiken.no\/?post_type=product&#038;p=97"},"modified":"2025-09-28T17:19:28","modified_gmt":"2025-09-28T15:19:28","slug":"himmelens-herlighet-av-d-l-moody","status":"publish","type":"product","link":"https:\/\/forlagetfiken.no\/index.php\/produkt\/himmelens-herlighet-av-d-l-moody\/","title":{"rendered":"Himmelens herlighet &#8211; Av D. L. Moody"},"content":{"rendered":"<p>Denne bok tar for seg et emne som er meg kj\u00e6rt, er n\u00f8ye gjennomsett, og sendes n\u00e5 ut i det h\u00e5p at den m\u00e5 bli til tr\u00f8st og oppbyggelse for mange, og til oppreisning for de falne. M\u00e5 den svake bli styrket, den s\u00f8rgende tr\u00f8stet, og den mismodige oppmuntret med \u00f8kt tro til \u00e5 se hen til den skj\u00f8nneste av de skj\u00f8nne steder i det bedre land, som er v\u00e5r Frelsers og de frels-tes hjem.<\/p>\n<p>D. L. Moody.<\/p>\n","protected":false},"excerpt":{"rendered":"<p>Denne bok tar for seg et emne som er meg kj\u00e6rt, er n\u00f8ye gjennomsett, og sendes n\u00e5 ut i det h\u00e5p at den m\u00e5 bli til tr\u00f8st og oppbyggelse for mange, og til oppreisning for de falne. M\u00e5 den svake bli styrket, den s\u00f8rgende tr\u00f8stet, og den mismodige oppmuntret med \u00f8kt tro til \u00e5 se hen til den skj\u00f8nneste av de skj\u00f8nne steder i det bedre land, som er v\u00e5r Frelsers og de frels-tes hjem.<\/p>\n","protected":false},"featured_media":98,"template":"","meta":[],"product_brand":[],"product_cat":[15],"product_tag":[],"class_list":{"0":"post-97","1":"product","2":"type-product","3":"status-publish","4":"has-post-thumbnail","6":"product_cat-ukategorisert","8":"first","9":"instock","10":"downloadable","11":"virtual","12":"purchasable","13":"product-type-simple"},"_links":{"self":[{"href":"https:\/\/forlagetfiken.no\/index.php\/wp-json\/wp\/v2\/product\/97","targetHints":{"allow":["GET"]}}],"collection":[{"href":"https:\/\/forlagetfiken.no\/index.php\/wp-json\/wp\/v2\/product"}],"about":[{"href":"https:\/\/forlagetfiken.no\/index.php\/wp-json\/wp\/v2\/types\/product"}],"wp:featuredmedia":[{"embeddable":true,"href":"https:\/\/forlagetfiken.no\/index.php\/wp-json\/wp\/v2\/media\/98"}],"wp:attachment":[{"href":"https:\/\/forlagetfiken.no\/index.php\/wp-json\/wp\/v2\/media?parent=97"}],"wp:term":[{"taxonomy":"product_brand","embeddable":true,"href":"https:\/\/forlagetfiken.no\/index.php\/wp-json\/wp\/v2\/product_brand?post=97"},{"taxonomy":"product_cat","embeddable":true,"href":"https:\/\/forlagetfiken.no\/index.php\/wp-json\/wp\/v2\/product_cat?post=97"},{"taxonomy":"product_tag","embeddable":true,"href":"https:\/\/forlagetfiken.no\/index.php\/wp-json\/wp\/v2\/product_tag?post=97"}],"curies":[{"name":"wp","href":"https:\/\/api.w.org\/{rel}","templated":true}]}}