{"id":83,"date":"2025-09-20T22:54:14","date_gmt":"2025-09-20T20:54:14","guid":{"rendered":"https:\/\/forlagetfiken.no\/?post_type=product&#038;p=83"},"modified":"2025-09-28T17:19:43","modified_gmt":"2025-09-28T15:19:43","slug":"bak-dod-og-grav-av-t-b-barratt","status":"publish","type":"product","link":"https:\/\/forlagetfiken.no\/index.php\/produkt\/bak-dod-og-grav-av-t-b-barratt\/","title":{"rendered":"Bak d\u00f8d og grav &#8211; Av T. B. Barratt"},"content":{"rendered":"<p>Mellomtilstanden og evigheten. Finnes det et helvete? \u00abBak d\u00f8d og grav\u00bb, er en ualminnelig interessant bok. Pastor Barratt har her ved Guds n\u00e5de f\u00e5tt lov til \u00e5 kaste nytt lys over de framtidige ting, og talen om at det ikke er noe evig pine for de ugudelige, blir i denne bok grundig avsl\u00f8rt.<\/p>\n<p>&nbsp;<\/p>\n","protected":false},"excerpt":{"rendered":"<p>Mellomtilstanden og evigheten. Finnes det et helvete? \u00abBak d\u00f8d og grav\u00bb, er en ualminnelig interessant bok. Pastor Barratt har her ved Guds n\u00e5de f\u00e5tt lov til \u00e5 kaste nytt lys over de framtidige ting, og talen om at det ikke er noe evig pine for de ugudelige, blir i denne bok grundig avsl\u00f8rt.<\/p>\n<p>&nbsp;<\/p>\n","protected":false},"featured_media":85,"template":"","meta":[],"product_brand":[],"product_cat":[16],"product_tag":[],"class_list":{"0":"post-83","1":"product","2":"type-product","3":"status-publish","4":"has-post-thumbnail","6":"product_cat-e-boker","8":"first","9":"instock","10":"downloadable","11":"shipping-taxable","12":"purchasable","13":"product-type-simple"},"_links":{"self":[{"href":"https:\/\/forlagetfiken.no\/index.php\/wp-json\/wp\/v2\/product\/83","targetHints":{"allow":["GET"]}}],"collection":[{"href":"https:\/\/forlagetfiken.no\/index.php\/wp-json\/wp\/v2\/product"}],"about":[{"href":"https:\/\/forlagetfiken.no\/index.php\/wp-json\/wp\/v2\/types\/product"}],"wp:featuredmedia":[{"embeddable":true,"href":"https:\/\/forlagetfiken.no\/index.php\/wp-json\/wp\/v2\/media\/85"}],"wp:attachment":[{"href":"https:\/\/forlagetfiken.no\/index.php\/wp-json\/wp\/v2\/media?parent=83"}],"wp:term":[{"taxonomy":"product_brand","embeddable":true,"href":"https:\/\/forlagetfiken.no\/index.php\/wp-json\/wp\/v2\/product_brand?post=83"},{"taxonomy":"product_cat","embeddable":true,"href":"https:\/\/forlagetfiken.no\/index.php\/wp-json\/wp\/v2\/product_cat?post=83"},{"taxonomy":"product_tag","embeddable":true,"href":"https:\/\/forlagetfiken.no\/index.php\/wp-json\/wp\/v2\/product_tag?post=83"}],"curies":[{"name":"wp","href":"https:\/\/api.w.org\/{rel}","templated":true}]}}