{"id":79,"date":"2025-09-20T22:44:39","date_gmt":"2025-09-20T20:44:39","guid":{"rendered":"https:\/\/forlagetfiken.no\/?post_type=product&#038;p=79"},"modified":"2025-09-28T17:19:51","modified_gmt":"2025-09-28T15:19:51","slug":"kvinnens-stilling-i-menigheten","status":"publish","type":"product","link":"https:\/\/forlagetfiken.no\/index.php\/produkt\/kvinnens-stilling-i-menigheten\/","title":{"rendered":"Kvinnens stilling i menigheten &#8211; Av T. B. Barratt"},"content":{"rendered":"<p>Det er vel s\u00e5, at det syn som her fremholdes, g\u00e5r i motsatt retning av hva mange tror og l\u00e6rer, men jeg tror at den stilling til saken som jeg fremholder er skriftmessig. Jeg har anf\u00f8rt flere uttalelser, spesielt dr. Whedons (metho-distteolog). Han er i det minste ortodoks. Min b\u00f8nn er at dette foredrag, som f\u00f8rst ble holdt p\u00e5 v\u00e5r \u00abbibelskole i Filadelfia\u00bb, m\u00e5 bli til velsignelse for mange. Ta bibelen med og les det.<br \/>\nEders bror i Herren,<br \/>\nT. B. Barratt<br \/>\nOslo 10\/3, 1933.<\/p>\n","protected":false},"excerpt":{"rendered":"<p>Det er vel s\u00e5, at det syn som her fremholdes, g\u00e5r i motsatt retning av hva mange tror og l\u00e6rer, men jeg tror at den stilling til saken som jeg&#8230;<\/p>\n","protected":false},"featured_media":81,"template":"","meta":[],"product_brand":[],"product_cat":[16],"product_tag":[],"class_list":{"0":"post-79","1":"product","2":"type-product","3":"status-publish","4":"has-post-thumbnail","6":"product_cat-e-boker","8":"first","9":"instock","10":"downloadable","11":"shipping-taxable","12":"purchasable","13":"product-type-simple"},"_links":{"self":[{"href":"https:\/\/forlagetfiken.no\/index.php\/wp-json\/wp\/v2\/product\/79","targetHints":{"allow":["GET"]}}],"collection":[{"href":"https:\/\/forlagetfiken.no\/index.php\/wp-json\/wp\/v2\/product"}],"about":[{"href":"https:\/\/forlagetfiken.no\/index.php\/wp-json\/wp\/v2\/types\/product"}],"wp:featuredmedia":[{"embeddable":true,"href":"https:\/\/forlagetfiken.no\/index.php\/wp-json\/wp\/v2\/media\/81"}],"wp:attachment":[{"href":"https:\/\/forlagetfiken.no\/index.php\/wp-json\/wp\/v2\/media?parent=79"}],"wp:term":[{"taxonomy":"product_brand","embeddable":true,"href":"https:\/\/forlagetfiken.no\/index.php\/wp-json\/wp\/v2\/product_brand?post=79"},{"taxonomy":"product_cat","embeddable":true,"href":"https:\/\/forlagetfiken.no\/index.php\/wp-json\/wp\/v2\/product_cat?post=79"},{"taxonomy":"product_tag","embeddable":true,"href":"https:\/\/forlagetfiken.no\/index.php\/wp-json\/wp\/v2\/product_tag?post=79"}],"curies":[{"name":"wp","href":"https:\/\/api.w.org\/{rel}","templated":true}]}}