{"id":76,"date":"2025-09-20T22:28:42","date_gmt":"2025-09-20T20:28:42","guid":{"rendered":"https:\/\/forlagetfiken.no\/?post_type=product&#038;p=76"},"modified":"2025-09-28T17:20:00","modified_gmt":"2025-09-28T15:20:00","slug":"ekteskap-skilsmisse-og-gjengifte","status":"publish","type":"product","link":"https:\/\/forlagetfiken.no\/index.php\/produkt\/ekteskap-skilsmisse-og-gjengifte\/","title":{"rendered":"Ekteskap, skilsmisse og gjengifte &#8211; Av T. B. Barratt"},"content":{"rendered":"<p>Dette manuset ble skrevet s\u00e5 tidlig som i 1938 av Thomas Ball Barratt.\u00a0Originalmanuskriptet i denne boken ble hentet frem med hjelp fra Nasjonalbiblioteket. Derfor er det min glede og mitt h\u00e5p om at den p\u00e5 ny skal n\u00e5 ut til mennesker. Bokens grammatikk og skrivem\u00e5te har blitt noenlunde oppdatert.<\/p>\n","protected":false},"excerpt":{"rendered":"<p>Dette manuset ble skrevet s\u00e5 tidlig som i 1938 av Thomas Ball Barratt.\u00a0Originalmanuskriptet i denne boken ble hentet frem med hjelp fra Nasjonalbiblioteket. Derfor er det min glede og mitt h\u00e5p om at den p\u00e5 ny skal n\u00e5 ut til mennesker. Bokens grammatikk og skrivem\u00e5te har blitt noenlunde oppdatert.<\/p>\n","protected":false},"featured_media":77,"template":"","meta":[],"product_brand":[],"product_cat":[16],"product_tag":[20,18,19],"class_list":{"0":"post-76","1":"product","2":"type-product","3":"status-publish","4":"has-post-thumbnail","6":"product_cat-e-boker","7":"product_tag-abort","8":"product_tag-ekteskap","9":"product_tag-skilsmisse","11":"first","12":"instock","13":"downloadable","14":"shipping-taxable","15":"purchasable","16":"product-type-simple"},"_links":{"self":[{"href":"https:\/\/forlagetfiken.no\/index.php\/wp-json\/wp\/v2\/product\/76","targetHints":{"allow":["GET"]}}],"collection":[{"href":"https:\/\/forlagetfiken.no\/index.php\/wp-json\/wp\/v2\/product"}],"about":[{"href":"https:\/\/forlagetfiken.no\/index.php\/wp-json\/wp\/v2\/types\/product"}],"wp:featuredmedia":[{"embeddable":true,"href":"https:\/\/forlagetfiken.no\/index.php\/wp-json\/wp\/v2\/media\/77"}],"wp:attachment":[{"href":"https:\/\/forlagetfiken.no\/index.php\/wp-json\/wp\/v2\/media?parent=76"}],"wp:term":[{"taxonomy":"product_brand","embeddable":true,"href":"https:\/\/forlagetfiken.no\/index.php\/wp-json\/wp\/v2\/product_brand?post=76"},{"taxonomy":"product_cat","embeddable":true,"href":"https:\/\/forlagetfiken.no\/index.php\/wp-json\/wp\/v2\/product_cat?post=76"},{"taxonomy":"product_tag","embeddable":true,"href":"https:\/\/forlagetfiken.no\/index.php\/wp-json\/wp\/v2\/product_tag?post=76"}],"curies":[{"name":"wp","href":"https:\/\/api.w.org\/{rel}","templated":true}]}}