{"id":122,"date":"2025-10-02T17:29:01","date_gmt":"2025-10-02T15:29:01","guid":{"rendered":"https:\/\/forlagetfiken.no\/?post_type=product&#038;p=122"},"modified":"2025-10-02T17:30:05","modified_gmt":"2025-10-02T15:30:05","slug":"den-kristne-dap-av-t-b-barratt","status":"publish","type":"product","link":"https:\/\/forlagetfiken.no\/index.php\/produkt\/den-kristne-dap-av-t-b-barratt\/","title":{"rendered":"Den kristne d\u00e5p. Av T. B. Barratt"},"content":{"rendered":"<p>Den kristne d\u00e5p ble f\u00f8rste gang gitt ut i 1919 og 1950. I denne utgaven fra 2012 har spr\u00e5kdrakten blitt forsiktig oppdatert. Boken legger frem pinsebevegelsens syn p\u00e5 d\u00e5pen og leder til en klar fremstilling av hva den kristne d\u00e5p inneb\u00e6rer.<\/p>\n","protected":false},"excerpt":{"rendered":"<p>Den kristne d\u00e5p ble f\u00f8rste gang gitt ut i 1919 og 1950. I denne utgaven fra 2012 har spr\u00e5kdrakten blitt forsiktig oppdatert. Boken legger frem pinsebevegelsens syn p\u00e5 d\u00e5pen og&#8230;<\/p>\n","protected":false},"featured_media":123,"template":"","meta":[],"product_brand":[],"product_cat":[16],"product_tag":[],"class_list":{"0":"post-122","1":"product","2":"type-product","3":"status-publish","4":"has-post-thumbnail","6":"product_cat-e-boker","8":"first","9":"instock","10":"downloadable","11":"virtual","12":"purchasable","13":"product-type-simple"},"_links":{"self":[{"href":"https:\/\/forlagetfiken.no\/index.php\/wp-json\/wp\/v2\/product\/122","targetHints":{"allow":["GET"]}}],"collection":[{"href":"https:\/\/forlagetfiken.no\/index.php\/wp-json\/wp\/v2\/product"}],"about":[{"href":"https:\/\/forlagetfiken.no\/index.php\/wp-json\/wp\/v2\/types\/product"}],"wp:featuredmedia":[{"embeddable":true,"href":"https:\/\/forlagetfiken.no\/index.php\/wp-json\/wp\/v2\/media\/123"}],"wp:attachment":[{"href":"https:\/\/forlagetfiken.no\/index.php\/wp-json\/wp\/v2\/media?parent=122"}],"wp:term":[{"taxonomy":"product_brand","embeddable":true,"href":"https:\/\/forlagetfiken.no\/index.php\/wp-json\/wp\/v2\/product_brand?post=122"},{"taxonomy":"product_cat","embeddable":true,"href":"https:\/\/forlagetfiken.no\/index.php\/wp-json\/wp\/v2\/product_cat?post=122"},{"taxonomy":"product_tag","embeddable":true,"href":"https:\/\/forlagetfiken.no\/index.php\/wp-json\/wp\/v2\/product_tag?post=122"}],"curies":[{"name":"wp","href":"https:\/\/api.w.org\/{rel}","templated":true}]}}