{"id":119,"date":"2025-10-02T12:39:02","date_gmt":"2025-10-02T10:39:02","guid":{"rendered":"https:\/\/forlagetfiken.no\/?post_type=product&#038;p=119"},"modified":"2025-10-02T12:40:12","modified_gmt":"2025-10-02T10:40:12","slug":"erindringer-av-t-b-barratt","status":"publish","type":"product","link":"https:\/\/forlagetfiken.no\/index.php\/produkt\/erindringer-av-t-b-barratt\/","title":{"rendered":"Erindringer. Av T. B. Barratt"},"content":{"rendered":"<p>Boken, Endringer, f\u00f8lger dagb\u00f8kene til Barratt fra tidlig barndom til hans bortgang. Gjennom boken f\u00e5r vi et unikt innblikk i hans tjeneste for Herren. Vi f\u00e5r m\u00f8te ham i glede, sorg, motgang, medgang, forf\u00f8lgelse, familieliv, misjon, vennskap og vekkelse.<\/p>\n<blockquote><p>Thomas Ball Barratt (1862\u20131940) var en norsk, kristen forkynner, pastor og leder. Han etablerte pinsebevegelsen i Norge.<\/p><\/blockquote>\n","protected":false},"excerpt":{"rendered":"<p>Boken, Endringer, f\u00f8lger dagb\u00f8kene til Barratt fra tidlig barndom til hans bortgang. Gjennom boken f\u00e5r vi et unikt innblikk i hans tjeneste for Herren. Vi f\u00e5r m\u00f8te ham i glede,&#8230;<\/p>\n","protected":false},"featured_media":120,"template":"","meta":[],"product_brand":[],"product_cat":[16],"product_tag":[],"class_list":{"0":"post-119","1":"product","2":"type-product","3":"status-publish","4":"has-post-thumbnail","6":"product_cat-e-boker","8":"first","9":"instock","10":"downloadable","11":"virtual","12":"purchasable","13":"product-type-simple"},"_links":{"self":[{"href":"https:\/\/forlagetfiken.no\/index.php\/wp-json\/wp\/v2\/product\/119","targetHints":{"allow":["GET"]}}],"collection":[{"href":"https:\/\/forlagetfiken.no\/index.php\/wp-json\/wp\/v2\/product"}],"about":[{"href":"https:\/\/forlagetfiken.no\/index.php\/wp-json\/wp\/v2\/types\/product"}],"wp:featuredmedia":[{"embeddable":true,"href":"https:\/\/forlagetfiken.no\/index.php\/wp-json\/wp\/v2\/media\/120"}],"wp:attachment":[{"href":"https:\/\/forlagetfiken.no\/index.php\/wp-json\/wp\/v2\/media?parent=119"}],"wp:term":[{"taxonomy":"product_brand","embeddable":true,"href":"https:\/\/forlagetfiken.no\/index.php\/wp-json\/wp\/v2\/product_brand?post=119"},{"taxonomy":"product_cat","embeddable":true,"href":"https:\/\/forlagetfiken.no\/index.php\/wp-json\/wp\/v2\/product_cat?post=119"},{"taxonomy":"product_tag","embeddable":true,"href":"https:\/\/forlagetfiken.no\/index.php\/wp-json\/wp\/v2\/product_tag?post=119"}],"curies":[{"name":"wp","href":"https:\/\/api.w.org\/{rel}","templated":true}]}}