{"id":113,"date":"2025-09-26T23:55:56","date_gmt":"2025-09-26T21:55:56","guid":{"rendered":"https:\/\/forlagetfiken.no\/?post_type=product&#038;p=113"},"modified":"2025-09-28T17:19:11","modified_gmt":"2025-09-28T15:19:11","slug":"helliggjorelsens-nadeverk-av-t-b-barratt","status":"publish","type":"product","link":"https:\/\/forlagetfiken.no\/index.php\/produkt\/helliggjorelsens-nadeverk-av-t-b-barratt\/","title":{"rendered":"Helliggj\u00f8relsens n\u00e5deverk &#8211; Av T. B. Barratt"},"content":{"rendered":"<p>I denne boken tar Barratt for seg emner som barned\u00e5pen, gjenf\u00f8delsen, to naturer, d\u00f8dspurgatoriumet, treenigheten, forsoningen og innvielse og tro. Spr\u00e5kets drakt har blitt forsiktig oppdatert.<\/p>\n","protected":false},"excerpt":{"rendered":"<p>I denne boken tar Barratt for seg emner som barned\u00e5pen, gjenf\u00f8delsen, to naturer, d\u00f8dspurgatoriumet, treenigheten, forsoningen og innvielse og tro. Spr\u00e5kets drakt har blitt forsiktig oppdatert.<\/p>\n","protected":false},"featured_media":114,"template":"","meta":[],"product_brand":[],"product_cat":[16],"product_tag":[],"class_list":{"0":"post-113","1":"product","2":"type-product","3":"status-publish","4":"has-post-thumbnail","6":"product_cat-e-boker","8":"first","9":"instock","10":"downloadable","11":"virtual","12":"purchasable","13":"product-type-simple"},"_links":{"self":[{"href":"https:\/\/forlagetfiken.no\/index.php\/wp-json\/wp\/v2\/product\/113","targetHints":{"allow":["GET"]}}],"collection":[{"href":"https:\/\/forlagetfiken.no\/index.php\/wp-json\/wp\/v2\/product"}],"about":[{"href":"https:\/\/forlagetfiken.no\/index.php\/wp-json\/wp\/v2\/types\/product"}],"wp:featuredmedia":[{"embeddable":true,"href":"https:\/\/forlagetfiken.no\/index.php\/wp-json\/wp\/v2\/media\/114"}],"wp:attachment":[{"href":"https:\/\/forlagetfiken.no\/index.php\/wp-json\/wp\/v2\/media?parent=113"}],"wp:term":[{"taxonomy":"product_brand","embeddable":true,"href":"https:\/\/forlagetfiken.no\/index.php\/wp-json\/wp\/v2\/product_brand?post=113"},{"taxonomy":"product_cat","embeddable":true,"href":"https:\/\/forlagetfiken.no\/index.php\/wp-json\/wp\/v2\/product_cat?post=113"},{"taxonomy":"product_tag","embeddable":true,"href":"https:\/\/forlagetfiken.no\/index.php\/wp-json\/wp\/v2\/product_tag?post=113"}],"curies":[{"name":"wp","href":"https:\/\/api.w.org\/{rel}","templated":true}]}}