{"id":100,"date":"2025-09-21T18:47:15","date_gmt":"2025-09-21T16:47:15","guid":{"rendered":"https:\/\/forlagetfiken.no\/?post_type=product&#038;p=100"},"modified":"2025-09-28T17:19:19","modified_gmt":"2025-09-28T15:19:19","slug":"en-frimodig-kristen-av-ole-c-iversen","status":"publish","type":"product","link":"https:\/\/forlagetfiken.no\/index.php\/produkt\/en-frimodig-kristen-av-ole-c-iversen\/","title":{"rendered":"En frimodig kristen &#8211; Av Ole C. Iversen"},"content":{"rendered":"<p>Apostelen Paulus skrev Filippenserbrevet under sitt f\u00f8rste fangenskap i Rom, n\u00e6rmere bestemt mot slutten og sann-synligvis i \u00e5r 63. Det er verdt \u00e5 legge merke til at det er en fanget mann som skriver dette brevet med gjentagende oppfordringer til \u00e5 glede seg. Selv om Paulus etter Ap Gj. 28, 30 fikk bo i et leid herberge, s\u00e5 var han likevel under stadig bevoktning av soldater av keiserens livvakt.<\/p>\n<p>Disse fire kapitler over Filippenserbrevet har jeg holdt under en ungdomsuke for Ungdomsforbundet i Aalesund, under prestekonem\u00f8tet i Trondheim og under landsvennestevnet i Jyvaskyll\u00e4, Finland. Man har bedt meg om \u00e5 gi dem ut; n\u00e5r jeg lover \u00e5 gj\u00f8re det, skjer det i det h\u00e5p at de kan bli til vel-signelse for en og annen, som kommer til \u00e5 lese dem, s\u00e5 de ogs\u00e5 kunne begynne \u00e5 jage etter \u00e5 bli like frimodige kristne som Paulus var.<\/p>\n<p>Ole C. Iversen. 1922<\/p>\n","protected":false},"excerpt":{"rendered":"<p>Apostelen Paulus skrev Filippenserbrevet under sitt f\u00f8rste fangenskap i Rom, n\u00e6rmere bestemt mot slutten og sann-synligvis i \u00e5r 63. Det er verdt \u00e5 legge merke til at det er en&#8230;<\/p>\n","protected":false},"featured_media":101,"template":"","meta":[],"product_brand":[],"product_cat":[16],"product_tag":[],"class_list":{"0":"post-100","1":"product","2":"type-product","3":"status-publish","4":"has-post-thumbnail","6":"product_cat-e-boker","8":"first","9":"instock","10":"downloadable","11":"virtual","12":"purchasable","13":"product-type-simple"},"_links":{"self":[{"href":"https:\/\/forlagetfiken.no\/index.php\/wp-json\/wp\/v2\/product\/100","targetHints":{"allow":["GET"]}}],"collection":[{"href":"https:\/\/forlagetfiken.no\/index.php\/wp-json\/wp\/v2\/product"}],"about":[{"href":"https:\/\/forlagetfiken.no\/index.php\/wp-json\/wp\/v2\/types\/product"}],"wp:featuredmedia":[{"embeddable":true,"href":"https:\/\/forlagetfiken.no\/index.php\/wp-json\/wp\/v2\/media\/101"}],"wp:attachment":[{"href":"https:\/\/forlagetfiken.no\/index.php\/wp-json\/wp\/v2\/media?parent=100"}],"wp:term":[{"taxonomy":"product_brand","embeddable":true,"href":"https:\/\/forlagetfiken.no\/index.php\/wp-json\/wp\/v2\/product_brand?post=100"},{"taxonomy":"product_cat","embeddable":true,"href":"https:\/\/forlagetfiken.no\/index.php\/wp-json\/wp\/v2\/product_cat?post=100"},{"taxonomy":"product_tag","embeddable":true,"href":"https:\/\/forlagetfiken.no\/index.php\/wp-json\/wp\/v2\/product_tag?post=100"}],"curies":[{"name":"wp","href":"https:\/\/api.w.org\/{rel}","templated":true}]}}