{"id":66,"date":"2025-09-20T20:54:40","date_gmt":"2025-09-20T18:54:40","guid":{"rendered":"https:\/\/forlagetfiken.no\/?page_id=66"},"modified":"2025-09-20T21:00:38","modified_gmt":"2025-09-20T19:00:38","slug":"salgsbetingelser","status":"publish","type":"page","link":"https:\/\/forlagetfiken.no\/index.php\/salgsbetingelser\/","title":{"rendered":"Salgsbetingelser"},"content":{"rendered":"\n<p><strong>Retur og angrerett p\u00e5 e-b\u00f8ker<\/strong><br>Det er ingen retur- eller angrerett p\u00e5 elektroniske b\u00f8ker. N\u00e5r du kj\u00f8per en e-bok fra oss, s\u00e5 f\u00e5r du tilgang til boken gjennom nedlasting. Du samtykker til at leveringen p\u00e5begynnes umiddelbart og at du derfor ikke har angrerett p\u00e5 kj\u00f8pet, jf. angrerettlovens \u00a7 22 bokstav n.<\/p>\n\n\n\n<p><strong>Reklamasjon<\/strong><br>Dersom det skulle v\u00e6re en feil filen du har mottatt, s\u00e5 ber vi deg sende en e-post med dokumentasjon p\u00e5 dette (f.eks. bilde). Defekt bok erstattes med ny e-bok.<\/p>\n","protected":false},"excerpt":{"rendered":"<p>Retur og angrerett p\u00e5 e-b\u00f8kerDet er ingen retur- eller angrerett p\u00e5 elektroniske b\u00f8ker. N\u00e5r du kj\u00f8per en e-bok fra oss, s\u00e5 f\u00e5r du tilgang til boken gjennom nedlasting. Du samtykker&#8230;<\/p>\n","protected":false},"author":1,"featured_media":0,"parent":0,"menu_order":0,"comment_status":"closed","ping_status":"closed","template":"","meta":{"footnotes":""},"class_list":["post-66","page","type-page","status-publish"],"_links":{"self":[{"href":"https:\/\/forlagetfiken.no\/index.php\/wp-json\/wp\/v2\/pages\/66","targetHints":{"allow":["GET"]}}],"collection":[{"href":"https:\/\/forlagetfiken.no\/index.php\/wp-json\/wp\/v2\/pages"}],"about":[{"href":"https:\/\/forlagetfiken.no\/index.php\/wp-json\/wp\/v2\/types\/page"}],"author":[{"embeddable":true,"href":"https:\/\/forlagetfiken.no\/index.php\/wp-json\/wp\/v2\/users\/1"}],"replies":[{"embeddable":true,"href":"https:\/\/forlagetfiken.no\/index.php\/wp-json\/wp\/v2\/comments?post=66"}],"version-history":[{"count":2,"href":"https:\/\/forlagetfiken.no\/index.php\/wp-json\/wp\/v2\/pages\/66\/revisions"}],"predecessor-version":[{"id":74,"href":"https:\/\/forlagetfiken.no\/index.php\/wp-json\/wp\/v2\/pages\/66\/revisions\/74"}],"wp:attachment":[{"href":"https:\/\/forlagetfiken.no\/index.php\/wp-json\/wp\/v2\/media?parent=66"}],"curies":[{"name":"wp","href":"https:\/\/api.w.org\/{rel}","templated":true}]}}